{"id":3193,"date":"2014-03-31T03:53:02","date_gmt":"2014-03-31T03:53:02","guid":{"rendered":"https:\/\/spanishtechnicaltranslations.com\/contact\/"},"modified":"2022-12-06T15:48:14","modified_gmt":"2022-12-06T15:48:14","slug":"contacto","status":"publish","type":"page","link":"https:\/\/spanishtechnicaltranslations.com\/es\/contacto\/","title":{"rendered":"contacto"},"content":{"rendered":"[vc_row type=\u00bbin_container\u00bb full_screen_row_position=\u00bbmiddle\u00bb scene_position=\u00bbcenter\u00bb text_color=\u00bbdark\u00bb text_align=\u00bbleft\u00bb top_padding=\u00bb5%\u00bb overlay_strength=\u00bb0.3&#8243;][vc_column centered_text=\u00bbtrue\u00bb column_padding=\u00bbno-extra-padding\u00bb column_padding_position=\u00bball\u00bb background_color_opacity=\u00bb1&#8243; background_hover_color_opacity=\u00bb1&#8243; column_shadow=\u00bbnone\u00bb width=\u00bb1\/1&#8243; tablet_text_alignment=\u00bbdefault\u00bb phone_text_alignment=\u00bbdefault\u00bb column_border_width=\u00bbnone\u00bb column_border_style=\u00bbsolid\u00bb][vc_column_text]\n<h1 style=\"text-align: center;\"><span style=\"color: #3e6980;\">\u00bfQu\u00e9 necesita?<\/span><\/h1>\n[\/vc_column_text][divider line_type=\u00bbSmall Line\u00bb line_thickness=\u00bb3&#8243; divider_color=\u00bbextra-color-1&#8243; custom_line_width=\u00bb80&#8243; custom_height=\u00bb30&#8243;][\/vc_column][\/vc_row][vc_row type=\u00bbin_container\u00bb full_screen_row_position=\u00bbmiddle\u00bb scene_position=\u00bbcenter\u00bb text_color=\u00bbdark\u00bb text_align=\u00bbleft\u00bb overlay_strength=\u00bb0.3&#8243;][vc_column column_padding=\u00bbpadding-2-percent\u00bb column_padding_position=\u00bbleft-right\u00bb background_color_opacity=\u00bb1&#8243; background_hover_color_opacity=\u00bb1&#8243; column_shadow=\u00bbnone\u00bb width=\u00bb1\/1&#8243; tablet_text_alignment=\u00bbdefault\u00bb phone_text_alignment=\u00bbdefault\u00bb column_border_width=\u00bbnone\u00bb column_border_style=\u00bbsolid\u00bb][vc_column_text]\n<p style=\"text-align: center;\">La forma m\u00e1s f\u00e1cil de contactarme es por correo electr\u00f3nico o con el formulario de esta p\u00e1gina, ya que en ocasiones mi tel\u00e9fono espa\u00f1ol puede no estar disponible. Si prefiere hablar directamente, tambi\u00e9n podemos organizar una reuni\u00f3n por skype o por tel\u00e9fono sin ning\u00fan compromiso.\u00a0Y si\u00a0lo que quiere es simplemente\u00a0mantenerse en contacto, puede seguirme\u00a0en\u00a0<a href=\"https:\/\/www.linkedin.com\/in\/dianallorenteexperts\/\">Linkedin,\u00a0<\/a>as\u00ed podr\u00e1\u00a0ver f\u00e1cilmente los art\u00edculos que escribo sobre traducci\u00f3n t\u00e9cnica una vez al mes.<\/p>\n[\/vc_column_text][\/vc_column][\/vc_row][vc_row type=\u00bbin_container\u00bb full_screen_row_position=\u00bbmiddle\u00bb scene_position=\u00bbcenter\u00bb text_color=\u00bbdark\u00bb text_align=\u00bbleft\u00bb overlay_strength=\u00bb0.3&#8243;][vc_column column_padding=\u00bbno-extra-padding\u00bb column_padding_position=\u00bball\u00bb background_color_opacity=\u00bb1&#8243; background_hover_color_opacity=\u00bb1&#8243; column_shadow=\u00bbnone\u00bb width=\u00bb1\/4&#8243; tablet_text_alignment=\u00bbdefault\u00bb phone_text_alignment=\u00bbdefault\u00bb column_border_width=\u00bbnone\u00bb column_border_style=\u00bbsolid\u00bb offset=\u00bbvc_hidden-xs\u00bb][\/vc_column][vc_column column_padding=\u00bbpadding-2-percent\u00bb column_padding_position=\u00bbleft-right\u00bb background_color_opacity=\u00bb1&#8243; background_hover_color_opacity=\u00bb1&#8243; column_shadow=\u00bbnone\u00bb width=\u00bb1\/4&#8243; tablet_text_alignment=\u00bbleft\u00bb phone_text_alignment=\u00bbleft\u00bb column_border_width=\u00bbnone\u00bb column_border_style=\u00bbsolid\u00bb offset=\u00bbvc_col-xs-12&#8243;]<div class=\"iwithtext\"><div class=\"iwt-icon\"> <i class=\"icon-default-style fa fa-phone accent-color\"><\/i> <\/div><div class=\"iwt-text\"> <span style=\"color: #3e6980;\">+34 667 098 535<\/span> <\/div><div class=\"clear\"><\/div><\/div>[\/vc_column][vc_column column_padding=\u00bbpadding-2-percent\u00bb column_padding_position=\u00bbleft-right\u00bb background_color_opacity=\u00bb1&#8243; background_hover_color_opacity=\u00bb1&#8243; column_shadow=\u00bbnone\u00bb width=\u00bb1\/4&#8243; tablet_text_alignment=\u00bbleft\u00bb phone_text_alignment=\u00bbleft\u00bb column_border_width=\u00bbnone\u00bb column_border_style=\u00bbsolid\u00bb offset=\u00bbvc_col-xs-12&#8243;]<div class=\"iwithtext\"><div class=\"iwt-icon\"> <i class=\"icon-default-style fa fa-envelope accent-color\"><\/i> <\/div><div class=\"iwt-text\"> <a href=\"mailto:d.llorente@spanishtechnicaltranslations.com\">d.llorente@spanishtechnicaltranslations.com<\/a> <\/div><div class=\"clear\"><\/div><\/div>[\/vc_column][vc_column column_padding=\u00bbno-extra-padding\u00bb column_padding_position=\u00bball\u00bb background_color_opacity=\u00bb1&#8243; background_hover_color_opacity=\u00bb1&#8243; column_shadow=\u00bbnone\u00bb width=\u00bb1\/4&#8243; tablet_text_alignment=\u00bbdefault\u00bb phone_text_alignment=\u00bbdefault\u00bb column_border_width=\u00bbnone\u00bb column_border_style=\u00bbsolid\u00bb offset=\u00bbvc_hidden-xs\u00bb][\/vc_column][\/vc_row][vc_row type=\u00bbin_container\u00bb full_screen_row_position=\u00bbmiddle\u00bb scene_position=\u00bbcenter\u00bb text_color=\u00bbdark\u00bb text_align=\u00bbleft\u00bb overlay_strength=\u00bb0.3&#8243;][vc_column column_padding=\u00bbno-extra-padding\u00bb column_padding_position=\u00bball\u00bb background_color_opacity=\u00bb1&#8243; background_hover_color_opacity=\u00bb1&#8243; column_shadow=\u00bbnone\u00bb width=\u00bb1\/4&#8243; tablet_text_alignment=\u00bbdefault\u00bb phone_text_alignment=\u00bbdefault\u00bb column_border_width=\u00bbnone\u00bb column_border_style=\u00bbsolid\u00bb][\/vc_column][vc_column column_padding=\u00bbno-extra-padding\u00bb column_padding_position=\u00bball\u00bb background_color_opacity=\u00bb1&#8243; background_hover_color_opacity=\u00bb1&#8243; column_shadow=\u00bbnone\u00bb width=\u00bb1\/2&#8243; tablet_text_alignment=\u00bbdefault\u00bb phone_text_alignment=\u00bbdefault\u00bb column_border_width=\u00bbnone\u00bb column_border_style=\u00bbsolid\u00bb]\n<div class=\"wpcf7 no-js\" id=\"wpcf7-f3076-o1\" lang=\"es-ES\" dir=\"ltr\">\n<div class=\"screen-reader-response\"><p role=\"status\" aria-live=\"polite\" aria-atomic=\"true\"><\/p> <ul><\/ul><\/div>\n<form action=\"\/es\/wp-json\/wp\/v2\/pages\/3193#wpcf7-f3076-o1\" method=\"post\" class=\"wpcf7-form init\" aria-label=\"Formulario de contacto\" novalidate=\"novalidate\" data-status=\"init\">\n<div style=\"display: none;\">\n<input type=\"hidden\" name=\"_wpcf7\" value=\"3076\" \/>\n<input type=\"hidden\" name=\"_wpcf7_version\" value=\"5.9.8\" \/>\n<input type=\"hidden\" name=\"_wpcf7_locale\" value=\"es_ES\" \/>\n<input type=\"hidden\" name=\"_wpcf7_unit_tag\" value=\"wpcf7-f3076-o1\" \/>\n<input type=\"hidden\" name=\"_wpcf7_container_post\" value=\"0\" \/>\n<input type=\"hidden\" name=\"_wpcf7_posted_data_hash\" value=\"\" \/>\n<\/div>\n<p><label> Nombre<br \/>\n<span class=\"wpcf7-form-control-wrap\" data-name=\"your-name\"><input size=\"40\" maxlength=\"400\" class=\"wpcf7-form-control wpcf7-text wpcf7-validates-as-required\" aria-required=\"true\" aria-invalid=\"false\" value=\"\" type=\"text\" name=\"your-name\" \/><\/span> <\/label>\n<\/p>\n<p><label> Correo electr\u00f3nico<br \/>\n<span class=\"wpcf7-form-control-wrap\" data-name=\"your-email\"><input size=\"40\" maxlength=\"400\" class=\"wpcf7-form-control wpcf7-email wpcf7-validates-as-required wpcf7-text wpcf7-validates-as-email\" aria-required=\"true\" aria-invalid=\"false\" value=\"\" type=\"email\" name=\"your-email\" \/><\/span> <\/label>\n<\/p>\n<p><label> Asunto<br \/>\n<span class=\"wpcf7-form-control-wrap\" data-name=\"your-subject\"><input size=\"40\" maxlength=\"400\" class=\"wpcf7-form-control wpcf7-text\" aria-invalid=\"false\" value=\"\" type=\"text\" name=\"your-subject\" \/><\/span> <\/label>\n<\/p>\n<p><label> Mensaje<br \/>\n<span class=\"wpcf7-form-control-wrap\" data-name=\"your-message\"><textarea cols=\"40\" rows=\"10\" maxlength=\"2000\" class=\"wpcf7-form-control wpcf7-textarea\" aria-invalid=\"false\" name=\"your-message\"><\/textarea><\/span> <\/label>\n<\/p>\n<p><span class=\"wpcf7-form-control-wrap\" data-name=\"acceptance-574\"><span class=\"wpcf7-form-control wpcf7-acceptance\"><span class=\"wpcf7-list-item\"><input type=\"checkbox\" name=\"acceptance-574\" value=\"1\" aria-invalid=\"false\" \/><\/span><\/span><\/span> Entiendo que, al enviar este formulario, Diana Llorente recibir\u00e1 los datos que env\u00edo, que utilizar\u00e1 \u00fanicamente para responder a mi consulta.\n<\/p>\n<p><input class=\"wpcf7-form-control wpcf7-submit has-spinner\" type=\"submit\" value=\"Enviar\" \/>\n<\/p><div class=\"wpcf7-response-output\" aria-hidden=\"true\"><\/div>\n<\/form>\n<\/div>\n[\/vc_column][vc_column column_padding=\u00bbno-extra-padding\u00bb column_padding_position=\u00bball\u00bb background_color_opacity=\u00bb1&#8243; background_hover_color_opacity=\u00bb1&#8243; column_shadow=\u00bbnone\u00bb width=\u00bb1\/4&#8243; tablet_text_alignment=\u00bbdefault\u00bb phone_text_alignment=\u00bbdefault\u00bb column_border_width=\u00bbnone\u00bb column_border_style=\u00bbsolid\u00bb][\/vc_column][\/vc_row]\n","protected":false},"excerpt":{"rendered":"<p>[vc_row type=\u00bbin_container\u00bb full_screen_row_position=\u00bbmiddle\u00bb scene_position=\u00bbcenter\u00bb text_color=\u00bbdark\u00bb text_align=\u00bbleft\u00bb top_padding=\u00bb5%\u00bb overlay_strength=\u00bb0.3&#8243;][vc_column centered_text=\u00bbtrue\u00bb column_padding=\u00bbno-extra-padding\u00bb column_padding_position=\u00bball\u00bb background_color_opacity=\u00bb1&#8243; background_hover_color_opacity=\u00bb1&#8243; column_shadow=\u00bbnone\u00bb width=\u00bb1\/1&#8243; tablet_text_alignment=\u00bbdefault\u00bb phone_text_alignment=\u00bbdefault\u00bb column_border_width=\u00bbnone\u00bb column_border_style=\u00bbsolid\u00bb][vc_column_text] \u00bfQu\u00e9 necesita? [\/vc_column_text][divider line_type=\u00bbSmall Line\u00bb line_thickness=\u00bb3&#8243; divider_color=\u00bbextra-color-1&#8243; custom_line_width=\u00bb80&#8243; custom_height=\u00bb30&#8243;][\/vc_column][\/vc_row][vc_row type=\u00bbin_container\u00bb full_screen_row_position=\u00bbmiddle\u00bb&#8230;<\/p>\n","protected":false},"author":1,"featured_media":0,"parent":0,"menu_order":10,"comment_status":"closed","ping_status":"closed","template":"","meta":{"footnotes":""},"class_list":["post-3193","page","type-page","status-publish"],"yoast_head":"<!-- This site is optimized with the Yoast SEO plugin v23.7 - https:\/\/yoast.com\/wordpress\/plugins\/seo\/ -->\n<title>Contacto | Traductora t\u00e9cnica de ingl\u00e9s y franc\u00e9s a espa\u00f1ol<\/title>\n<meta name=\"description\" content=\"Traductora aut\u00f3noma especializada en tecnolog\u00eda, producci\u00f3n y ciencia. Trabajo para organismos internacionales y empresas t\u00e9cnicas.\" \/>\n<meta name=\"robots\" content=\"index, follow, max-snippet:-1, max-image-preview:large, max-video-preview:-1\" \/>\n<link rel=\"canonical\" href=\"https:\/\/spanishtechnicaltranslations.com\/es\/contacto\/\" \/>\n<meta property=\"og:locale\" content=\"es_ES\" \/>\n<meta property=\"og:type\" content=\"article\" \/>\n<meta property=\"og:title\" content=\"Contacto | Traductora t\u00e9cnica de ingl\u00e9s y franc\u00e9s a espa\u00f1ol\" \/>\n<meta property=\"og:description\" content=\"Traductora aut\u00f3noma especializada en tecnolog\u00eda, producci\u00f3n y ciencia. Trabajo para organismos internacionales y empresas t\u00e9cnicas.\" \/>\n<meta property=\"og:url\" content=\"https:\/\/spanishtechnicaltranslations.com\/es\/contacto\/\" \/>\n<meta property=\"og:site_name\" content=\"Spanish Technical Translations\" \/>\n<meta property=\"article:modified_time\" content=\"2022-12-06T15:48:14+00:00\" \/>\n<meta name=\"twitter:card\" content=\"summary_large_image\" \/>\n<meta name=\"twitter:label1\" content=\"Tiempo de lectura\" \/>\n\t<meta name=\"twitter:data1\" content=\"3 minutos\" \/>\n<script type=\"application\/ld+json\" class=\"yoast-schema-graph\">{\"@context\":\"https:\/\/schema.org\",\"@graph\":[{\"@type\":\"WebPage\",\"@id\":\"https:\/\/spanishtechnicaltranslations.com\/es\/contacto\/\",\"url\":\"https:\/\/spanishtechnicaltranslations.com\/es\/contacto\/\",\"name\":\"Contacto | Traductora t\u00e9cnica de ingl\u00e9s y franc\u00e9s a espa\u00f1ol\",\"isPartOf\":{\"@id\":\"https:\/\/spanishtechnicaltranslations.com\/#website\"},\"datePublished\":\"2014-03-31T03:53:02+00:00\",\"dateModified\":\"2022-12-06T15:48:14+00:00\",\"description\":\"Traductora aut\u00f3noma especializada en tecnolog\u00eda, producci\u00f3n y ciencia. Trabajo para organismos internacionales y empresas t\u00e9cnicas.\",\"breadcrumb\":{\"@id\":\"https:\/\/spanishtechnicaltranslations.com\/es\/contacto\/#breadcrumb\"},\"inLanguage\":\"es\",\"potentialAction\":[{\"@type\":\"ReadAction\",\"target\":[\"https:\/\/spanishtechnicaltranslations.com\/es\/contacto\/\"]}]},{\"@type\":\"BreadcrumbList\",\"@id\":\"https:\/\/spanishtechnicaltranslations.com\/es\/contacto\/#breadcrumb\",\"itemListElement\":[{\"@type\":\"ListItem\",\"position\":1,\"name\":\"Portada\",\"item\":\"https:\/\/spanishtechnicaltranslations.com\/es\/\"},{\"@type\":\"ListItem\",\"position\":2,\"name\":\"contacto\"}]},{\"@type\":\"WebSite\",\"@id\":\"https:\/\/spanishtechnicaltranslations.com\/#website\",\"url\":\"https:\/\/spanishtechnicaltranslations.com\/\",\"name\":\"Spanish Technical Translations\",\"description\":\"Traducci\u00f3n t\u00e9cnica. Especialidades: fabricaci\u00f3n, f\u00edsica, \u00f3ptica y telecomunicaciones, tecnolog\u00eda.\",\"publisher\":{\"@id\":\"https:\/\/spanishtechnicaltranslations.com\/#organization\"},\"potentialAction\":[{\"@type\":\"SearchAction\",\"target\":{\"@type\":\"EntryPoint\",\"urlTemplate\":\"https:\/\/spanishtechnicaltranslations.com\/?s={search_term_string}\"},\"query-input\":{\"@type\":\"PropertyValueSpecification\",\"valueRequired\":true,\"valueName\":\"search_term_string\"}}],\"inLanguage\":\"es\"},{\"@type\":\"Organization\",\"@id\":\"https:\/\/spanishtechnicaltranslations.com\/#organization\",\"name\":\"Experts in Babel\",\"url\":\"https:\/\/spanishtechnicaltranslations.com\/\",\"logo\":{\"@type\":\"ImageObject\",\"inLanguage\":\"es\",\"@id\":\"https:\/\/spanishtechnicaltranslations.com\/#\/schema\/logo\/image\/\",\"url\":\"https:\/\/spanishtechnicaltranslations.com\/wp-content\/uploads\/2017\/05\/logos_dark_213x60x2.png\",\"contentUrl\":\"https:\/\/spanishtechnicaltranslations.com\/wp-content\/uploads\/2017\/05\/logos_dark_213x60x2.png\",\"width\":426,\"height\":124,\"caption\":\"Experts in Babel\"},\"image\":{\"@id\":\"https:\/\/spanishtechnicaltranslations.com\/#\/schema\/logo\/image\/\"},\"sameAs\":[\"https:\/\/www.linkedin.com\/in\/dianallorenteexperts\/\"]}]}<\/script>\n<!-- \/ Yoast SEO plugin. -->","yoast_head_json":{"title":"Contacto | Traductora t\u00e9cnica de ingl\u00e9s y franc\u00e9s a espa\u00f1ol","description":"Traductora aut\u00f3noma especializada en tecnolog\u00eda, producci\u00f3n y ciencia. Trabajo para organismos internacionales y empresas t\u00e9cnicas.","robots":{"index":"index","follow":"follow","max-snippet":"max-snippet:-1","max-image-preview":"max-image-preview:large","max-video-preview":"max-video-preview:-1"},"canonical":"https:\/\/spanishtechnicaltranslations.com\/es\/contacto\/","og_locale":"es_ES","og_type":"article","og_title":"Contacto | Traductora t\u00e9cnica de ingl\u00e9s y franc\u00e9s a espa\u00f1ol","og_description":"Traductora aut\u00f3noma especializada en tecnolog\u00eda, producci\u00f3n y ciencia. Trabajo para organismos internacionales y empresas t\u00e9cnicas.","og_url":"https:\/\/spanishtechnicaltranslations.com\/es\/contacto\/","og_site_name":"Spanish Technical Translations","article_modified_time":"2022-12-06T15:48:14+00:00","twitter_card":"summary_large_image","twitter_misc":{"Tiempo de lectura":"3 minutos"},"schema":{"@context":"https:\/\/schema.org","@graph":[{"@type":"WebPage","@id":"https:\/\/spanishtechnicaltranslations.com\/es\/contacto\/","url":"https:\/\/spanishtechnicaltranslations.com\/es\/contacto\/","name":"Contacto | Traductora t\u00e9cnica de ingl\u00e9s y franc\u00e9s a espa\u00f1ol","isPartOf":{"@id":"https:\/\/spanishtechnicaltranslations.com\/#website"},"datePublished":"2014-03-31T03:53:02+00:00","dateModified":"2022-12-06T15:48:14+00:00","description":"Traductora aut\u00f3noma especializada en tecnolog\u00eda, producci\u00f3n y ciencia. Trabajo para organismos internacionales y empresas t\u00e9cnicas.","breadcrumb":{"@id":"https:\/\/spanishtechnicaltranslations.com\/es\/contacto\/#breadcrumb"},"inLanguage":"es","potentialAction":[{"@type":"ReadAction","target":["https:\/\/spanishtechnicaltranslations.com\/es\/contacto\/"]}]},{"@type":"BreadcrumbList","@id":"https:\/\/spanishtechnicaltranslations.com\/es\/contacto\/#breadcrumb","itemListElement":[{"@type":"ListItem","position":1,"name":"Portada","item":"https:\/\/spanishtechnicaltranslations.com\/es\/"},{"@type":"ListItem","position":2,"name":"contacto"}]},{"@type":"WebSite","@id":"https:\/\/spanishtechnicaltranslations.com\/#website","url":"https:\/\/spanishtechnicaltranslations.com\/","name":"Spanish Technical Translations","description":"Traducci\u00f3n t\u00e9cnica. Especialidades: fabricaci\u00f3n, f\u00edsica, \u00f3ptica y telecomunicaciones, tecnolog\u00eda.","publisher":{"@id":"https:\/\/spanishtechnicaltranslations.com\/#organization"},"potentialAction":[{"@type":"SearchAction","target":{"@type":"EntryPoint","urlTemplate":"https:\/\/spanishtechnicaltranslations.com\/?s={search_term_string}"},"query-input":{"@type":"PropertyValueSpecification","valueRequired":true,"valueName":"search_term_string"}}],"inLanguage":"es"},{"@type":"Organization","@id":"https:\/\/spanishtechnicaltranslations.com\/#organization","name":"Experts in Babel","url":"https:\/\/spanishtechnicaltranslations.com\/","logo":{"@type":"ImageObject","inLanguage":"es","@id":"https:\/\/spanishtechnicaltranslations.com\/#\/schema\/logo\/image\/","url":"https:\/\/spanishtechnicaltranslations.com\/wp-content\/uploads\/2017\/05\/logos_dark_213x60x2.png","contentUrl":"https:\/\/spanishtechnicaltranslations.com\/wp-content\/uploads\/2017\/05\/logos_dark_213x60x2.png","width":426,"height":124,"caption":"Experts in Babel"},"image":{"@id":"https:\/\/spanishtechnicaltranslations.com\/#\/schema\/logo\/image\/"},"sameAs":["https:\/\/www.linkedin.com\/in\/dianallorenteexperts\/"]}]}},"_links":{"self":[{"href":"https:\/\/spanishtechnicaltranslations.com\/es\/wp-json\/wp\/v2\/pages\/3193"}],"collection":[{"href":"https:\/\/spanishtechnicaltranslations.com\/es\/wp-json\/wp\/v2\/pages"}],"about":[{"href":"https:\/\/spanishtechnicaltranslations.com\/es\/wp-json\/wp\/v2\/types\/page"}],"author":[{"embeddable":true,"href":"https:\/\/spanishtechnicaltranslations.com\/es\/wp-json\/wp\/v2\/users\/1"}],"replies":[{"embeddable":true,"href":"https:\/\/spanishtechnicaltranslations.com\/es\/wp-json\/wp\/v2\/comments?post=3193"}],"version-history":[{"count":0,"href":"https:\/\/spanishtechnicaltranslations.com\/es\/wp-json\/wp\/v2\/pages\/3193\/revisions"}],"wp:attachment":[{"href":"https:\/\/spanishtechnicaltranslations.com\/es\/wp-json\/wp\/v2\/media?parent=3193"}],"curies":[{"name":"wp","href":"https:\/\/api.w.org\/{rel}","templated":true}]}}