{"id":3785,"date":"2019-02-12T17:34:28","date_gmt":"2019-02-12T17:34:28","guid":{"rendered":"https:\/\/spanishtechnicaltranslations.com\/politica-de-privacidad\/"},"modified":"2025-09-15T15:17:05","modified_gmt":"2025-09-15T15:17:05","slug":"politica-de-privacidad","status":"publish","type":"page","link":"https:\/\/spanishtechnicaltranslations.com\/es\/politica-de-privacidad\/","title":{"rendered":"Pol\u00edtica de Privacidad"},"content":{"rendered":"<div id=\"clickdatos\">\n<h1>Pol\u00edtica de privacidad<\/h1>\n<p>En cumplimiento de lo establecido en la RGPD, le informamos que sus datos ser\u00e1n tratados en nuestros ficheros, con la finalidad del mantenimiento y cumplimiento de la relaci\u00f3n con nuestra entidad, incluyendo el env\u00edo de comunicaciones en el marco de la citada relaci\u00f3n.<\/p>\n<p>As\u00ed mismo, sus datos ser\u00e1n cedidos en todos aquellos casos en que sea necesario para el desarrollo, cumplimiento y control de la relaci\u00f3n con nuestra entidad o en los supuestos en que lo autorice una norma con rango de ley. En cumplimiento de la RGPD puede ejercitar sus derechos ARCO ante <strong>Diana Llorente Garijo<\/strong>, con direcci\u00f3n en <strong>C\/ Pamplona 117, 2\u00ba 4\u00aa, 08018 &#8211; Barcelona<\/strong>, adjuntando fotocopia de su DNI.<\/p>\n<p>El contenido de esta comunicaci\u00f3n, as\u00ed como el de toda la documentaci\u00f3n anexa, est\u00e1 sujeta al deber de secreto y va dirigida \u00fanicamente a su destinatario. En el supuesto de que usted no fuera el destinatario, le solicitamos que nos lo indique y no comunique su contenido a terceros, procediendo a su destrucci\u00f3n.<\/p>\n<p>El prestador de servicios de la sociedad de la informaci\u00f3n deber\u00e1 tener en cuenta que, adem\u00e1s de la informaci\u00f3n que facilite a los destinatarios del servicio a trav\u00e9s de su \u201cPol\u00edtica de Privacidad\ufffd?, deber\u00e1 disponer de textos legales adicionales relativos a otras normativas de obligado cumplimiento, tales como, sin car\u00e1cter limitativo o excluyente, condiciones generales de la contrataci\u00f3n, propiedad intelectual e industrial, condiciones de utilizaci\u00f3n de la p\u00e1gina web y responsabilidades al respecto, o lo que la propia Ley 34\/2002, de 11 de julio, de Servicios de la Sociedad de la Informaci\u00f3n y de Comercio Electr\u00f3nico pueda establecer en cualesquiera otros preceptos al margen de su art\u00edculo 10 o incluso completar la informaci\u00f3n que, en relaci\u00f3n a \u00e9ste, fuese necesaria.<\/p>\n<\/div>\n","protected":false},"excerpt":{"rendered":"<p>Pol\u00edtica de privacidad En cumplimiento de lo establecido en la RGPD, le informamos que sus datos ser\u00e1n tratados en nuestros ficheros, con la finalidad del mantenimiento y cumplimiento de la&#8230;<\/p>\n","protected":false},"author":1,"featured_media":0,"parent":0,"menu_order":0,"comment_status":"closed","ping_status":"closed","template":"","meta":{"footnotes":""},"class_list":["post-3785","page","type-page","status-publish"],"yoast_head":"<!-- This site is optimized with the Yoast SEO plugin v23.7 - https:\/\/yoast.com\/wordpress\/plugins\/seo\/ -->\n<title>Pol\u00edtica de Privacidad | Spanish Technical Translations<\/title>\n<meta name=\"robots\" content=\"noindex, nofollow\" \/>\n<meta property=\"og:locale\" content=\"es_ES\" \/>\n<meta property=\"og:type\" content=\"article\" \/>\n<meta property=\"og:title\" content=\"Pol\u00edtica de Privacidad | Spanish Technical Translations\" \/>\n<meta property=\"og:description\" content=\"Pol\u00edtica de privacidad En cumplimiento de lo establecido en la RGPD, le informamos que sus datos ser\u00e1n tratados en nuestros ficheros, con la finalidad del mantenimiento y cumplimiento de la...\" \/>\n<meta property=\"og:url\" content=\"https:\/\/spanishtechnicaltranslations.com\/es\/politica-de-privacidad\/\" \/>\n<meta property=\"og:site_name\" content=\"Spanish Technical Translations\" \/>\n<meta property=\"article:modified_time\" content=\"2025-09-15T15:17:05+00:00\" \/>\n<meta name=\"twitter:card\" content=\"summary_large_image\" \/>\n<meta name=\"twitter:label1\" content=\"Tiempo de lectura\" \/>\n\t<meta name=\"twitter:data1\" content=\"2 minutos\" \/>\n<script type=\"application\/ld+json\" class=\"yoast-schema-graph\">{\"@context\":\"https:\/\/schema.org\",\"@graph\":[{\"@type\":\"WebPage\",\"@id\":\"https:\/\/spanishtechnicaltranslations.com\/es\/politica-de-privacidad\/\",\"url\":\"https:\/\/spanishtechnicaltranslations.com\/es\/politica-de-privacidad\/\",\"name\":\"Pol\u00edtica de Privacidad | Spanish Technical Translations\",\"isPartOf\":{\"@id\":\"https:\/\/spanishtechnicaltranslations.com\/#website\"},\"datePublished\":\"2019-02-12T17:34:28+00:00\",\"dateModified\":\"2025-09-15T15:17:05+00:00\",\"breadcrumb\":{\"@id\":\"https:\/\/spanishtechnicaltranslations.com\/es\/politica-de-privacidad\/#breadcrumb\"},\"inLanguage\":\"es\",\"potentialAction\":[{\"@type\":\"ReadAction\",\"target\":[\"https:\/\/spanishtechnicaltranslations.com\/es\/politica-de-privacidad\/\"]}]},{\"@type\":\"BreadcrumbList\",\"@id\":\"https:\/\/spanishtechnicaltranslations.com\/es\/politica-de-privacidad\/#breadcrumb\",\"itemListElement\":[{\"@type\":\"ListItem\",\"position\":1,\"name\":\"Portada\",\"item\":\"https:\/\/spanishtechnicaltranslations.com\/es\/\"},{\"@type\":\"ListItem\",\"position\":2,\"name\":\"Pol\u00edtica de Privacidad\"}]},{\"@type\":\"WebSite\",\"@id\":\"https:\/\/spanishtechnicaltranslations.com\/#website\",\"url\":\"https:\/\/spanishtechnicaltranslations.com\/\",\"name\":\"Spanish Technical Translations\",\"description\":\"Traducci\u00f3n t\u00e9cnica. Especialidades: fabricaci\u00f3n, f\u00edsica, \u00f3ptica y telecomunicaciones, tecnolog\u00eda.\",\"publisher\":{\"@id\":\"https:\/\/spanishtechnicaltranslations.com\/#organization\"},\"potentialAction\":[{\"@type\":\"SearchAction\",\"target\":{\"@type\":\"EntryPoint\",\"urlTemplate\":\"https:\/\/spanishtechnicaltranslations.com\/?s={search_term_string}\"},\"query-input\":{\"@type\":\"PropertyValueSpecification\",\"valueRequired\":true,\"valueName\":\"search_term_string\"}}],\"inLanguage\":\"es\"},{\"@type\":\"Organization\",\"@id\":\"https:\/\/spanishtechnicaltranslations.com\/#organization\",\"name\":\"Experts in Babel\",\"url\":\"https:\/\/spanishtechnicaltranslations.com\/\",\"logo\":{\"@type\":\"ImageObject\",\"inLanguage\":\"es\",\"@id\":\"https:\/\/spanishtechnicaltranslations.com\/#\/schema\/logo\/image\/\",\"url\":\"https:\/\/spanishtechnicaltranslations.com\/wp-content\/uploads\/2017\/05\/logos_dark_213x60x2.png\",\"contentUrl\":\"https:\/\/spanishtechnicaltranslations.com\/wp-content\/uploads\/2017\/05\/logos_dark_213x60x2.png\",\"width\":426,\"height\":124,\"caption\":\"Experts in Babel\"},\"image\":{\"@id\":\"https:\/\/spanishtechnicaltranslations.com\/#\/schema\/logo\/image\/\"},\"sameAs\":[\"https:\/\/www.linkedin.com\/in\/dianallorenteexperts\/\"]}]}<\/script>\n<!-- \/ Yoast SEO plugin. -->","yoast_head_json":{"title":"Pol\u00edtica de Privacidad | Spanish Technical Translations","robots":{"index":"noindex","follow":"nofollow"},"og_locale":"es_ES","og_type":"article","og_title":"Pol\u00edtica de Privacidad | Spanish Technical Translations","og_description":"Pol\u00edtica de privacidad En cumplimiento de lo establecido en la RGPD, le informamos que sus datos ser\u00e1n tratados en nuestros ficheros, con la finalidad del mantenimiento y cumplimiento de la...","og_url":"https:\/\/spanishtechnicaltranslations.com\/es\/politica-de-privacidad\/","og_site_name":"Spanish Technical Translations","article_modified_time":"2025-09-15T15:17:05+00:00","twitter_card":"summary_large_image","twitter_misc":{"Tiempo de lectura":"2 minutos"},"schema":{"@context":"https:\/\/schema.org","@graph":[{"@type":"WebPage","@id":"https:\/\/spanishtechnicaltranslations.com\/es\/politica-de-privacidad\/","url":"https:\/\/spanishtechnicaltranslations.com\/es\/politica-de-privacidad\/","name":"Pol\u00edtica de Privacidad | Spanish Technical Translations","isPartOf":{"@id":"https:\/\/spanishtechnicaltranslations.com\/#website"},"datePublished":"2019-02-12T17:34:28+00:00","dateModified":"2025-09-15T15:17:05+00:00","breadcrumb":{"@id":"https:\/\/spanishtechnicaltranslations.com\/es\/politica-de-privacidad\/#breadcrumb"},"inLanguage":"es","potentialAction":[{"@type":"ReadAction","target":["https:\/\/spanishtechnicaltranslations.com\/es\/politica-de-privacidad\/"]}]},{"@type":"BreadcrumbList","@id":"https:\/\/spanishtechnicaltranslations.com\/es\/politica-de-privacidad\/#breadcrumb","itemListElement":[{"@type":"ListItem","position":1,"name":"Portada","item":"https:\/\/spanishtechnicaltranslations.com\/es\/"},{"@type":"ListItem","position":2,"name":"Pol\u00edtica de Privacidad"}]},{"@type":"WebSite","@id":"https:\/\/spanishtechnicaltranslations.com\/#website","url":"https:\/\/spanishtechnicaltranslations.com\/","name":"Spanish Technical Translations","description":"Traducci\u00f3n t\u00e9cnica. Especialidades: fabricaci\u00f3n, f\u00edsica, \u00f3ptica y telecomunicaciones, tecnolog\u00eda.","publisher":{"@id":"https:\/\/spanishtechnicaltranslations.com\/#organization"},"potentialAction":[{"@type":"SearchAction","target":{"@type":"EntryPoint","urlTemplate":"https:\/\/spanishtechnicaltranslations.com\/?s={search_term_string}"},"query-input":{"@type":"PropertyValueSpecification","valueRequired":true,"valueName":"search_term_string"}}],"inLanguage":"es"},{"@type":"Organization","@id":"https:\/\/spanishtechnicaltranslations.com\/#organization","name":"Experts in Babel","url":"https:\/\/spanishtechnicaltranslations.com\/","logo":{"@type":"ImageObject","inLanguage":"es","@id":"https:\/\/spanishtechnicaltranslations.com\/#\/schema\/logo\/image\/","url":"https:\/\/spanishtechnicaltranslations.com\/wp-content\/uploads\/2017\/05\/logos_dark_213x60x2.png","contentUrl":"https:\/\/spanishtechnicaltranslations.com\/wp-content\/uploads\/2017\/05\/logos_dark_213x60x2.png","width":426,"height":124,"caption":"Experts in Babel"},"image":{"@id":"https:\/\/spanishtechnicaltranslations.com\/#\/schema\/logo\/image\/"},"sameAs":["https:\/\/www.linkedin.com\/in\/dianallorenteexperts\/"]}]}},"_links":{"self":[{"href":"https:\/\/spanishtechnicaltranslations.com\/es\/wp-json\/wp\/v2\/pages\/3785"}],"collection":[{"href":"https:\/\/spanishtechnicaltranslations.com\/es\/wp-json\/wp\/v2\/pages"}],"about":[{"href":"https:\/\/spanishtechnicaltranslations.com\/es\/wp-json\/wp\/v2\/types\/page"}],"author":[{"embeddable":true,"href":"https:\/\/spanishtechnicaltranslations.com\/es\/wp-json\/wp\/v2\/users\/1"}],"replies":[{"embeddable":true,"href":"https:\/\/spanishtechnicaltranslations.com\/es\/wp-json\/wp\/v2\/comments?post=3785"}],"version-history":[{"count":2,"href":"https:\/\/spanishtechnicaltranslations.com\/es\/wp-json\/wp\/v2\/pages\/3785\/revisions"}],"predecessor-version":[{"id":4836,"href":"https:\/\/spanishtechnicaltranslations.com\/es\/wp-json\/wp\/v2\/pages\/3785\/revisions\/4836"}],"wp:attachment":[{"href":"https:\/\/spanishtechnicaltranslations.com\/es\/wp-json\/wp\/v2\/media?parent=3785"}],"curies":[{"name":"wp","href":"https:\/\/api.w.org\/{rel}","templated":true}]}}